{"id":25573,"date":"2022-02-04T13:24:27","date_gmt":"2022-02-04T12:24:27","guid":{"rendered":"https:\/\/so-mare.pl\/ip-box-verguenstigungen\/"},"modified":"2023-12-21T14:16:52","modified_gmt":"2023-12-21T13:16:52","slug":"ip-box-verguenstigungen","status":"publish","type":"page","link":"https:\/\/so-mare.pl\/de\/ip-box-verguenstigungen\/","title":{"rendered":"IP BOX-Verg\u00fcnstigungen"},"content":{"rendered":"\n<p>Alle Personen, die ab dem 1. Januar 2019 Forschungs- und Entwicklungsaktivit\u00e4ten durchf\u00fchren, k\u00f6nnen von einer bevorzugten Besteuerung der Eink\u00fcnfte aus geistigem Eigentum profitieren. Was ist die IP-BOX-Erm\u00e4\u00dfigung und wann gilt sie?<\/p>\n\n<h2 class=\"wp-block-heading\" id=\"ip-box-co-nalezy-wiedziec-o-uldze\"><strong>IP-BOX &#8211; Was Sie \u00fcber die Erm\u00e4\u00dfigung wissen sollten?<\/strong><\/h2>\n\n<p>Die IP-BOX-Erm\u00e4\u00dfigung ist eine bevorzugte Besteuerung von Eink\u00fcnften, die gem\u00e4\u00df dem geistigen Eigentumsrecht erzielt wurden. Die Erm\u00e4\u00dfigung wurde eingef\u00fchrt, um die Effizienz wissenschaftlicher Forschung und Entwicklung zu steigern, die letztendlich zur Markteinf\u00fchrung neuer Technologien oder innovativer L\u00f6sungen f\u00fchren soll.  <strong>Die bevorzugte Besteuerung betr\u00e4gt 5% in der Einkommensteuer (PIT) und der K\u00f6rperschaftsteuer (CIT).<\/strong> Die Inanspruchnahme der Erm\u00e4\u00dfigung ist ab dem Jahr 2020 m\u00f6glich.<\/p>\n\n<p>Es ist wichtig zu beachten, dass die Inanspruchnahme der Erm\u00e4\u00dfigung die Anwendung streng festgelegter Vorschriften erfordert. Dazu geh\u00f6ren insbesondere: <\/p>\n\n<ul class=\"wp-block-list\"><li>die Durchf\u00fchrung von Forschungs- und Entwicklungsaktivit\u00e4ten,<\/li><li>die Erlangung eines qualifizierten geistigen Eigentumsrechts (IP),<\/li><li>die F\u00fchrung einer separaten Buchf\u00fchrung f\u00fcr wirtschaftliche Vorg\u00e4nge (einschlie\u00dflich qualifizierter Eink\u00fcnfte),<\/li><li>das Erreichen der Einkommensgrenze, die der Besteuerung unterliegt.<\/li><\/ul>\n<h2 class=\"wp-block-heading\" id=\"kto-jest-uprawniony-do-skorzystania-z-ulgi-ip-box\">Wer ist berechtigt, die IP-BOX-Erm\u00e4\u00dfigung in Anspruch zu nehmen?<\/h2>\n\n<p>Die IP-BOX-Erm\u00e4\u00dfigung ist f\u00fcr Einrichtungen vorgesehen, die Forschungs- und Entwicklungsaktivit\u00e4ten durchf\u00fchren und sich auf der Grundlage der Einkommensteuer (PIT) oder der K\u00f6rperschaftsteuer (CIT) abrechnen. Im Falle der Einkommensteuer gilt die Erm\u00e4\u00dfigung nicht nur f\u00fcr Einzelunternehmen, sondern auch f\u00fcr Gesellschafter von Gesellschaften sowie f\u00fcr Unternehmen, die durch Erbschaft erworben wurden. Im Falle der K\u00f6rperschaftsteuer gelten bestimmte Bedingungen, um von der Erm\u00e4\u00dfigung profitieren zu k\u00f6nnen:   <\/p>\n\n<ul class=\"wp-block-list\"><li>Unternehmen mit Sitz und Gesch\u00e4ftsf\u00fchrung au\u00dferhalb Polen<\/li><li>steuerliche Kapitalgruppen<\/li><li>im Aufbau befindliche Kommanditgesellschaften<\/li><li>Kommanditgesellschaften auf Aktien (nur f\u00fcr solche Unternehmen, deren Sitz sich in Polen befindet)<\/li><li>juristische Personen.<\/li><\/ul>\n<h2 class=\"wp-block-heading\" id=\"obowiazek-prowadzenia-dokumentacji\">Pflicht zur F\u00fchrung von Unterlagen<\/h2>\n\n<p>Alle Einrichtungen, die von der IP-BOX-Erm\u00e4\u00dfigung (5%) gem\u00e4\u00df den geltenden Vorschriften profitieren m\u00f6chten, sind verpflichtet, Unterlagen zu f\u00fchren, genauer gesagt eine detaillierte Aufzeichnung aller wirtschaftlichen Vorg\u00e4nge im Zusammenhang mit ihrer T\u00e4tigkeit (nicht nur solcher, die die Erm\u00e4\u00dfigung selbst betreffen). In dieser Aufzeichnung muss die Gesamtsumme der im jeweiligen Zeitraum erzielten Einnahmen einschlie\u00dflich Gewinnen und Verlusten enthalten sein. Alle Transaktionen, die direkt mit der Erm\u00e4\u00dfigung in Verbindung stehen, m\u00fcssen in einem klaren und deutlichen Tabellenkalkulationsblatt oder in den Buchf\u00fchrungsunterlagen genau erfasst werden.  <\/p>\n\n<p>Wenn es vorkommt, dass in einer Abhandlung mehr als ein qualifiziertes geistiges Eigentum (IP) vorhanden ist, ist es notwendig, separate Aufzeichnungen f\u00fcr jedes Projekt zu f\u00fchren.<\/p>\n","protected":false},"excerpt":{"rendered":"<p>Alle Personen, die ab dem 1. Januar 2019 Forschungs- und Entwicklungsaktivit\u00e4ten durchf\u00fchren, k\u00f6nnen von einer bevorzugten Besteuerung der Eink\u00fcnfte aus geistigem Eigentum profitieren. Was ist die IP-BOX-Erm\u00e4\u00dfigung und wann gilt sie? IP-BOX &#8211; Was Sie \u00fcber die Erm\u00e4\u00dfigung wissen sollten? Die IP-BOX-Erm\u00e4\u00dfigung ist eine bevorzugte Besteuerung von Eink\u00fcnften, die gem\u00e4\u00df dem geistigen Eigentumsrecht erzielt wurden. [&hellip;]<\/p>\n","protected":false},"author":2,"featured_media":0,"parent":0,"menu_order":0,"comment_status":"closed","ping_status":"closed","template":"","meta":{"_et_pb_use_builder":"off","_et_pb_old_content":"","_et_gb_content_width":"","footnotes":""},"class_list":["post-25573","page","type-page","status-publish","hentry"],"_links":{"self":[{"href":"https:\/\/so-mare.pl\/de\/wp-json\/wp\/v2\/pages\/25573","targetHints":{"allow":["GET"]}}],"collection":[{"href":"https:\/\/so-mare.pl\/de\/wp-json\/wp\/v2\/pages"}],"about":[{"href":"https:\/\/so-mare.pl\/de\/wp-json\/wp\/v2\/types\/page"}],"author":[{"embeddable":true,"href":"https:\/\/so-mare.pl\/de\/wp-json\/wp\/v2\/users\/2"}],"replies":[{"embeddable":true,"href":"https:\/\/so-mare.pl\/de\/wp-json\/wp\/v2\/comments?post=25573"}],"version-history":[{"count":1,"href":"https:\/\/so-mare.pl\/de\/wp-json\/wp\/v2\/pages\/25573\/revisions"}],"predecessor-version":[{"id":25574,"href":"https:\/\/so-mare.pl\/de\/wp-json\/wp\/v2\/pages\/25573\/revisions\/25574"}],"wp:attachment":[{"href":"https:\/\/so-mare.pl\/de\/wp-json\/wp\/v2\/media?parent=25573"}],"curies":[{"name":"wp","href":"https:\/\/api.w.org\/{rel}","templated":true}]}}