{"id":25565,"date":"2022-02-04T13:23:39","date_gmt":"2022-02-04T12:23:39","guid":{"rendered":"https:\/\/so-mare.pl\/die-abrechnung-der-einkommensteuer-auf-kryptowaehrungen\/"},"modified":"2023-12-21T13:50:43","modified_gmt":"2023-12-21T12:50:43","slug":"die-abrechnung-der-einkommensteuer-auf-kryptowaehrungen","status":"publish","type":"page","link":"https:\/\/so-mare.pl\/de\/die-abrechnung-der-einkommensteuer-auf-kryptowaehrungen\/","title":{"rendered":"Die Abrechnung der Einkommensteuer auf Kryptow\u00e4hrungen"},"content":{"rendered":"\n<h2 class=\"wp-block-heading\" id=\"zastanawiasz-sie-w-jaki-sposob-rozliczyc-podatek-dochodowy-od-transakcji-kryptowalutami\">Fragen Sie sich, wie Sie die Einkommensteuer auf Kryptow\u00e4hrungstransaktionen abrechnen sollen?<\/h2>\n\n<p>Obwohl Kryptow\u00e4hrungen immer h\u00e4ufiger als Zahlungsmittel auch in Polen verwendet werden, k\u00f6nnen ihr rechtlicher Status und steuerliche Abrechnungsfragen immer noch viele Probleme bereiten. Wenn Sie sich f\u00fcr das Angebot unseres Buchhaltungsb\u00fcros entscheiden, helfen wir Ihnen gerne bei der L\u00f6sung dieses Problems und bieten spezialisierte Unterst\u00fctzung in folgenden Dienstleistungsbereichen an: <\/p>\n\n<ul class=\"wp-block-list\"><li><strong>Wir bieten Beratungen zur Kryptow\u00e4hrungsbesteuerung an.<\/strong> Wir erkl\u00e4ren Ihnen, wie die Abrechnung erfolgt, und finden effektive L\u00f6sungen, um Steuereinsparungen zu erzielen.<\/li><li><strong>Die Abrechnung von Transaktionen mit digitalen W\u00e4hrungen<\/strong> (einschlie\u00dflich Bitcoin, Ethereum, Litecoin, XRP, Tether)<\/li><li><strong>Steuerliche Optimierung bei der Nutzung von Kryptow\u00e4hrungen<\/strong><\/li><li><strong>Beratung zur Durchf\u00fchrung eines ICO-Verfahrens<\/strong><\/li><li><strong>und vieles, vieles mehr<\/strong><\/li><\/ul>\n<h2 class=\"wp-block-heading\" id=\"regulacje-prawne\">Rechtliche Vorschriften<\/h2>\n\n<p>Derzeit sind Kryptow\u00e4hrungen im polnischen Steuerrecht nicht definiert und werden daher nicht als offizielle W\u00e4hrung oder elektronisches Geld anerkannt. Gleichzeitig ist jedoch zu beachten, dass trotz dieser Tatsache T\u00e4tigkeiten wie <strong>der Handel oder das Mining von Kryptow\u00e4hrungen<\/strong> steuerlich abgerechnet werden m\u00fcssen. <\/p>\n\n<p>Somit unterliegt das Einkommen aus Kryptow\u00e4hrungen einer Steuer in H\u00f6he von <strong>19%<\/strong>. Einkommen wird als die Differenz zwischen den Einnahmen aus dem Verkauf digitaler W\u00e4hrung und den entstandenen Kosten verstanden. Die Abrechnung erfolgt in der j\u00e4hrlichen Steuererkl\u00e4rung <strong>PIT-38.<\/strong> <\/p>\n\n<p>Gleichzeitig treten immer h\u00e4ufiger rechtliche Komplexit\u00e4ten und individuelle Auslegungen bestimmter L\u00f6sungen auf, wie beispielsweise <strong>der Austausch einer Art von Kryptow\u00e4hrung gegen eine andere<\/strong>. Jeder Fall erfordert daher eine individuelle Betrachtung &#8211; aus diesem Grund lohnt es sich, in professionelle Hilfe zu investieren.<\/p>\n\n<p>Wenn Sie immer noch Unsicherheiten in Bezug auf die Abrechnung von Kryptow\u00e4hrungen haben, wird <strong>unser Team Ihnen helfen, einen individuellen Aktionsplan zu entwickeln und m\u00f6gliche L\u00f6sungen vorzustellen.<\/strong> Dank unserer Dienstleistungen sparen Sie Zeit, die mit der Vorbereitung der erforderlichen Dokumentation verbunden ist &#8211; wir werden den gesamten Prozess f\u00fcr Sie durchf\u00fchren und uns darum bem\u00fchen, die vorteilhafteste Abrechnungsform zu w\u00e4hlen.<\/p>\n","protected":false},"excerpt":{"rendered":"<p>Fragen Sie sich, wie Sie die Einkommensteuer auf Kryptow\u00e4hrungstransaktionen abrechnen sollen? Obwohl Kryptow\u00e4hrungen immer h\u00e4ufiger als Zahlungsmittel auch in Polen verwendet werden, k\u00f6nnen ihr rechtlicher Status und steuerliche Abrechnungsfragen immer noch viele Probleme bereiten. Wenn Sie sich f\u00fcr das Angebot unseres Buchhaltungsb\u00fcros entscheiden, helfen wir Ihnen gerne bei der L\u00f6sung dieses Problems und bieten spezialisierte [&hellip;]<\/p>\n","protected":false},"author":2,"featured_media":0,"parent":0,"menu_order":0,"comment_status":"closed","ping_status":"closed","template":"","meta":{"_et_pb_use_builder":"off","_et_pb_old_content":"","_et_gb_content_width":"","footnotes":""},"class_list":["post-25565","page","type-page","status-publish","hentry"],"_links":{"self":[{"href":"https:\/\/so-mare.pl\/de\/wp-json\/wp\/v2\/pages\/25565","targetHints":{"allow":["GET"]}}],"collection":[{"href":"https:\/\/so-mare.pl\/de\/wp-json\/wp\/v2\/pages"}],"about":[{"href":"https:\/\/so-mare.pl\/de\/wp-json\/wp\/v2\/types\/page"}],"author":[{"embeddable":true,"href":"https:\/\/so-mare.pl\/de\/wp-json\/wp\/v2\/users\/2"}],"replies":[{"embeddable":true,"href":"https:\/\/so-mare.pl\/de\/wp-json\/wp\/v2\/comments?post=25565"}],"version-history":[{"count":1,"href":"https:\/\/so-mare.pl\/de\/wp-json\/wp\/v2\/pages\/25565\/revisions"}],"predecessor-version":[{"id":25566,"href":"https:\/\/so-mare.pl\/de\/wp-json\/wp\/v2\/pages\/25565\/revisions\/25566"}],"wp:attachment":[{"href":"https:\/\/so-mare.pl\/de\/wp-json\/wp\/v2\/media?parent=25565"}],"curies":[{"name":"wp","href":"https:\/\/api.w.org\/{rel}","templated":true}]}}