{"id":25563,"date":"2022-02-04T13:22:47","date_gmt":"2022-02-04T12:22:47","guid":{"rendered":"https:\/\/so-mare.pl\/personalabrechnung\/"},"modified":"2023-12-21T13:42:26","modified_gmt":"2023-12-21T12:42:26","slug":"personalabrechnung","status":"publish","type":"page","link":"https:\/\/so-mare.pl\/de\/personalabrechnung\/","title":{"rendered":"Personalabrechnung"},"content":{"rendered":"\n<h2 class=\"wp-block-heading\" id=\"rozliczanie-kadr-i-plac-przez-biuro-rachunkowe-dlaczego-warto-zdecydowac-sie-na-takie-rozwiazanie\">Die Abrechnung von Personal und Geh\u00e4ltern durch ein Buchhaltungsb\u00fcro &#8211; warum lohnt es sich, sich f\u00fcr diese L\u00f6sung zu entscheiden?<\/h2>\n\n<p>Gegen den Anschein ist <strong>die Durchf\u00fchrung von Aufgaben im Bereich Personal- und Lohnabrechnung<\/strong> zeitaufwendig und anspruchsvoll. Die ordnungsgem\u00e4\u00dfe Durchf\u00fchrung dieser Aufgaben erfordert gute Kenntnisse der aktuellen Vorschriften im Arbeitsrecht, Sozialversicherungen und der Einkommensteuer (PIT). Zum Gl\u00fcck ist es m\u00f6glich, die professionellen Dienstleistungen unserer Buchhaltungsexperten in Anspruch zu nehmen. Diese L\u00f6sung ist eine effektive M\u00f6glichkeit, Zeit und Geld zu sparen.   <\/p>\n\n<h2 class=\"wp-block-heading\" id=\"czynnosci-z-zakresu-kadr-i-plac-co-obejmuje-oferta-naszego-biura-rachunkowego\">Aufgaben im Bereich Personal- und Lohnabrechnung &#8211; was umfasst das Angebot unseres Buchhaltungsb\u00fcros?<\/h2>\n\n<p>Die ordnungsgem\u00e4\u00dfe Durchf\u00fchrung von Aufgaben im Bereich Personal- und Lohnabrechnung ist definitiv keine einfache Aufgabe. Die Situation hat sich zus\u00e4tzlich im Jahr 2022 mit der Einf\u00fchrung des &#8222;Polski \u0141ad&#8220; (Polnischer Deal) kompliziert. Unser Buchhaltungsb\u00fcro kommt den Bed\u00fcrfnissen von Unternehmern in diesem Bereich entgegen &#8211; das Angebot des So-MARe-B\u00fcros umfasst haupts\u00e4chlich Aufgaben wie:  <\/p>\n\n<ul class=\"wp-block-list\"><li>die Erstellung der Gehaltsliste f\u00fcr die vom Kunden besch\u00e4ftigten Arbeitnehmer im Rahmen des Arbeitsvertrags,<\/li><li>die Erstellung von Rechnungen f\u00fcr zivilrechtliche Vereinbarungen (d.h. Dienstleistungsvertr\u00e4ge und Werkvertr\u00e4ge),<\/li><li>die Durchf\u00fchrung aller erforderlichen Abrechnungen mit der Sozialversicherungsanstalt,<\/li><li>die Erstellung periodischer Steuererkl\u00e4rungen (einschlie\u00dflich PIT-11, PIT-4R und PIT-8AR),<\/li><li>die Vorbereitung von Vertr\u00e4gen mit neuen Mitarbeitern und Beauftragten,<\/li><li>die F\u00fchrung von Personalakten gem\u00e4\u00df den derzeit geltenden Vorschriften.<\/li><\/ul>\n<p>Es ist erw\u00e4hnenswert, dass unsere Dienstleistungen \u00fcber die traditionellen Aufgaben im Bereich Personal- und Lohnabrechnung hinausgehen. Auf Wunsch des Kunden k\u00f6nnen wir auch eine vergleichende Analyse verschiedener Besch\u00e4ftigungsformen (Arbeitsvertrag, Werkvertrag, Dienstleistungsvertrag und B2B-Vertr\u00e4ge) in Bezug auf Steuerbelastungen und Sozialversicherungsbeitr\u00e4ge erstellen. Zu den Vorteilen unseres Angebots geh\u00f6ren unter anderem langj\u00e4hrige Erfahrung und hohe Qualifikationen. Diese Vorz\u00fcge &#8211; sowie die individuelle Herangehensweise an die Bed\u00fcrfnisse jedes Kunden &#8211; erm\u00f6glichen die p\u00fcnktliche Erf\u00fcllung der Aufgaben im Bereich Personal- und Lohnabrechnung.    <\/p>\n\n<p>Es ist nicht verwunderlich, dass immer mehr Unternehmen in den letzten Jahren auf <strong>die Auslagerung von Personal- und Lohnabrechnungsdiensten<\/strong> zur\u00fcckgreifen &#8211; sowohl kleine, familiengef\u00fchrte Unternehmen als auch gro\u00dfe, erfolgreich wachsende Unternehmen. Dies ist eine L\u00f6sung, die gegen relativ geringe Geb\u00fchren die M\u00f6glichkeit bietet, Personal- und Lohnabrechnungsaufgaben an Fachleute zu \u00fcbertragen. <\/p>\n","protected":false},"excerpt":{"rendered":"<p>Die Abrechnung von Personal und Geh\u00e4ltern durch ein Buchhaltungsb\u00fcro &#8211; warum lohnt es sich, sich f\u00fcr diese L\u00f6sung zu entscheiden? Gegen den Anschein ist die Durchf\u00fchrung von Aufgaben im Bereich Personal- und Lohnabrechnung zeitaufwendig und anspruchsvoll. Die ordnungsgem\u00e4\u00dfe Durchf\u00fchrung dieser Aufgaben erfordert gute Kenntnisse der aktuellen Vorschriften im Arbeitsrecht, Sozialversicherungen und der Einkommensteuer (PIT). Zum [&hellip;]<\/p>\n","protected":false},"author":2,"featured_media":0,"parent":0,"menu_order":0,"comment_status":"closed","ping_status":"closed","template":"","meta":{"_et_pb_use_builder":"off","_et_pb_old_content":"","_et_gb_content_width":"","footnotes":""},"class_list":["post-25563","page","type-page","status-publish","hentry"],"_links":{"self":[{"href":"https:\/\/so-mare.pl\/de\/wp-json\/wp\/v2\/pages\/25563","targetHints":{"allow":["GET"]}}],"collection":[{"href":"https:\/\/so-mare.pl\/de\/wp-json\/wp\/v2\/pages"}],"about":[{"href":"https:\/\/so-mare.pl\/de\/wp-json\/wp\/v2\/types\/page"}],"author":[{"embeddable":true,"href":"https:\/\/so-mare.pl\/de\/wp-json\/wp\/v2\/users\/2"}],"replies":[{"embeddable":true,"href":"https:\/\/so-mare.pl\/de\/wp-json\/wp\/v2\/comments?post=25563"}],"version-history":[{"count":1,"href":"https:\/\/so-mare.pl\/de\/wp-json\/wp\/v2\/pages\/25563\/revisions"}],"predecessor-version":[{"id":25564,"href":"https:\/\/so-mare.pl\/de\/wp-json\/wp\/v2\/pages\/25563\/revisions\/25564"}],"wp:attachment":[{"href":"https:\/\/so-mare.pl\/de\/wp-json\/wp\/v2\/media?parent=25563"}],"curies":[{"name":"wp","href":"https:\/\/api.w.org\/{rel}","templated":true}]}}