{"id":25561,"date":"2022-02-04T13:22:00","date_gmt":"2022-02-04T12:22:00","guid":{"rendered":"https:\/\/so-mare.pl\/die-firmenregistrierung\/"},"modified":"2023-12-21T13:33:57","modified_gmt":"2023-12-21T12:33:57","slug":"die-firmenregistrierung","status":"publish","type":"page","link":"https:\/\/so-mare.pl\/de\/die-firmenregistrierung\/","title":{"rendered":"Die Firmenregistrierung"},"content":{"rendered":"\n<p>M\u00f6chten Sie Ihr eigenes Unternehmen gr\u00fcnden, wissen jedoch nicht, wie Sie die Registrierung durchf\u00fchren sollen? Schrecken Sie die zahlreichen Formalit\u00e4ten, rechtlichen Vorschriften und Aufgaben ab, die Sie erledigen m\u00fcssen? Keine Sorge &#8211; Sie sind Unternehmer, Sie kennen sich in Ihrem Gesch\u00e4ft aus, Sie m\u00fcssen sich nicht um die Buchf\u00fchrung k\u00fcmmern. Die Buchhaltungsangelegenheiten k\u00f6nnen Sie erfolgreich den Profis von So-MARe Buchf\u00fchrungsb\u00fcro \u00fcberlassen. Wir werden Ihnen umfassend bei der Registrierung Ihres Unternehmens helfen, damit alles reibungslos und problemlos verl\u00e4uft. Wir werden Ihnen bei der Auswahl der steuerlich g\u00fcnstigsten Option beraten, alle Formalit\u00e4ten f\u00fcr Sie erledigen, Termine einhalten und eventuelle Fragen jederzeit kl\u00e4ren.    <\/p>\n\n<h2 class=\"wp-block-heading\" id=\"szczegoly-oferty\">Angebotsdetails<\/h2>\n\n<p>Wir bieten Unterst\u00fctzung sowohl bei der Registrierung eines Gewerbes als auch einer Gesellschaft an. <\/p>\n\n<p><strong>Wenn Sie ein Gewerbe registrieren m\u00f6chten:<\/strong><\/p>\n\n<ul class=\"wp-block-list\"><li>Wir erstellen und reichen in Ihrem Namen den Antrag auf Gewerbeanmeldung beim CEIDG ein.<\/li><li>Wir f\u00fcllen die Antr\u00e4ge aus und senden sie an das Finanzamt.<\/li><li>Wir f\u00fcllen die Antr\u00e4ge aus und senden sie an die Sozialversicherungsanstalt.<\/li><li>Wir erledigen alle Formalit\u00e4ten.<\/li><li>Wir stehen in st\u00e4ndigem Kontakt mit Ihnen und informieren Sie \u00fcber den Status der Angelegenheit.<\/li><\/ul>\n<p><strong>Wenn Sie eine Gesellschaft registrieren m\u00f6chten:<\/strong><\/p>\n\n<ul class=\"wp-block-list\"><li>Wir erstellen den Gesellschaftsvertrag.<\/li><li>Wir registrieren die Gesellschaft im Handelsregister (KRS).<\/li><li>Wir f\u00fcllen alle erforderlichen Antr\u00e4ge und Dokumente f\u00fcr die Gesellschaftsregistrierung aus.<\/li><li>Wir f\u00fcllen die Antr\u00e4ge aus und senden sie an das Finanzamt.<\/li><li>Wir f\u00fcllen die Antr\u00e4ge aus und senden sie an die Sozialversicherungsanstalt.<\/li><li>Wir erledigen alle Formalit\u00e4ten.<\/li><li>Wir stehen in st\u00e4ndigem Kontakt mit Ihnen und informieren Sie \u00fcber den Status der Angelegenheit.<\/li><\/ul>\n<h2 class=\"wp-block-heading\" id=\"so-mare-kompleksowe-wsparcie-biznesu\">So-MARe &#8211; umfassende Unterst\u00fctzung f\u00fcr Ihr Unternehmen<\/h2>\n\n<p>Nach der Registrierung Ihres Unternehmens werden wir uns umfassend um Ihre Buchf\u00fchrung k\u00fcmmern. So-MARe garantiert Ihnen Zuverl\u00e4ssigkeit, Genauigkeit und Professionalit\u00e4t. Wir f\u00fchren Buchf\u00fchrung sowohl nach dem Einnahmen-\u00dcberschuss-Rechnung (E\u00dcR)-Verfahren und der Pauschalierung (f\u00fcr Einzelunternehmen) als auch nach dem doppelten Buchf\u00fchrungssystem (f\u00fcr Gesellschaften). Unsere Kunden k\u00f6nnen auf fachliche Unterst\u00fctzung und Antworten auf ihre Fragen z\u00e4hlen. Wir kl\u00e4ren alle Unklarheiten zeitnah, beraten Sie und k\u00fcmmern uns um alle Angelegenheiten im Zusammenhang mit der Buchf\u00fchrung Ihres Unternehmens. Wir stehen in st\u00e4ndigem Kontakt, informieren \u00fcber eventuelle M\u00e4ngel und Unregelm\u00e4\u00dfigkeiten in den \u00fcbermittelten Unterlagen sowie \u00fcber \u00c4nderungen in den Vorschriften. Wir sind da, um Ihr Unternehmen umfassend zu unterst\u00fctzen.      <\/p>\n\n<p>Wir laden Sie zur Zusammenarbeit ein.<\/p>\n","protected":false},"excerpt":{"rendered":"<p>M\u00f6chten Sie Ihr eigenes Unternehmen gr\u00fcnden, wissen jedoch nicht, wie Sie die Registrierung durchf\u00fchren sollen? Schrecken Sie die zahlreichen Formalit\u00e4ten, rechtlichen Vorschriften und Aufgaben ab, die Sie erledigen m\u00fcssen? Keine Sorge &#8211; Sie sind Unternehmer, Sie kennen sich in Ihrem Gesch\u00e4ft aus, Sie m\u00fcssen sich nicht um die Buchf\u00fchrung k\u00fcmmern. Die Buchhaltungsangelegenheiten k\u00f6nnen Sie erfolgreich [&hellip;]<\/p>\n","protected":false},"author":2,"featured_media":0,"parent":0,"menu_order":0,"comment_status":"closed","ping_status":"closed","template":"","meta":{"_et_pb_use_builder":"off","_et_pb_old_content":"","_et_gb_content_width":"","footnotes":""},"class_list":["post-25561","page","type-page","status-publish","hentry"],"_links":{"self":[{"href":"https:\/\/so-mare.pl\/de\/wp-json\/wp\/v2\/pages\/25561","targetHints":{"allow":["GET"]}}],"collection":[{"href":"https:\/\/so-mare.pl\/de\/wp-json\/wp\/v2\/pages"}],"about":[{"href":"https:\/\/so-mare.pl\/de\/wp-json\/wp\/v2\/types\/page"}],"author":[{"embeddable":true,"href":"https:\/\/so-mare.pl\/de\/wp-json\/wp\/v2\/users\/2"}],"replies":[{"embeddable":true,"href":"https:\/\/so-mare.pl\/de\/wp-json\/wp\/v2\/comments?post=25561"}],"version-history":[{"count":1,"href":"https:\/\/so-mare.pl\/de\/wp-json\/wp\/v2\/pages\/25561\/revisions"}],"predecessor-version":[{"id":25562,"href":"https:\/\/so-mare.pl\/de\/wp-json\/wp\/v2\/pages\/25561\/revisions\/25562"}],"wp:attachment":[{"href":"https:\/\/so-mare.pl\/de\/wp-json\/wp\/v2\/media?parent=25561"}],"curies":[{"name":"wp","href":"https:\/\/api.w.org\/{rel}","templated":true}]}}