{"id":25558,"date":"2022-02-03T13:01:02","date_gmt":"2022-02-03T12:01:02","guid":{"rendered":"https:\/\/so-mare.pl\/datenschutzrichtlinie\/"},"modified":"2023-12-21T13:23:46","modified_gmt":"2023-12-21T12:23:46","slug":"datenschutzrichtlinie","status":"publish","type":"page","link":"https:\/\/so-mare.pl\/de\/datenschutzrichtlinie\/","title":{"rendered":"Datenschutzrichtlinie"},"content":{"rendered":"<p>[et_pb_section fb_built=&#8220;1&#8243; _builder_version=&#8220;4.14.7&#8243; _module_preset=&#8220;default&#8220; custom_padding=&#8220;0px|||||&#8220; global_colors_info=&#8220;{}&#8220; theme_builder_area=&#8220;post_content&#8220;][et_pb_row _builder_version=&#8220;4.14.7&#8243; _module_preset=&#8220;default&#8220; width=&#8220;90%&#8220; global_colors_info=&#8220;{}&#8220; theme_builder_area=&#8220;post_content&#8220;][et_pb_column type=&#8220;4_4&#8243; _builder_version=&#8220;4.14.7&#8243; _module_preset=&#8220;default&#8220; global_colors_info=&#8220;{}&#8220; theme_builder_area=&#8220;post_content&#8220;][et_pb_text _builder_version=&#8220;4.14.7&#8243; _module_preset=&#8220;default&#8220; hover_enabled=&#8220;0&#8243; global_colors_info=&#8220;{}&#8220; theme_builder_area=&#8220;post_content&#8220; sticky_enabled=&#8220;0&#8243;]<\/p>\n<h5>I. ALLGEMEINE INFORMATIONEN<\/h5>\n<p>Wir respektieren Ihre Privatsph\u00e4re als Benutzer unserer Website. Wir m\u00f6chten, dass jeder, der diese Website besucht, vollst\u00e4ndig dar\u00fcber informiert ist, wie er seine Privatsph\u00e4re sch\u00fctzen kann. Daher laden wir Sie ein, unsere Datenschutzrichtlinie auf der Website https:\/\/so-mare.pl\/ zu lesen.  <\/p>\n<p>Diese Datenschutzrichtlinie erf\u00fcllt die Informationspflichten gem\u00e4\u00df den Bestimmungen der Verordnung (EU) 2016\/679 des Europ\u00e4ischen Parlaments und des Rates vom 27. April 2016 zum Schutz nat\u00fcrlicher Personen bei der Verarbeitung personenbezogener Daten und zum freien Datenverkehr sowie zur Aufhebung der Richtlinie 95\/46\/EG (Allgemeine Datenschutzverordnung),<br \/>\nsowie aus den Bestimmungen des Gesetzes vom 10. Mai 2018 \u00fcber den Schutz personenbezogener Daten (Gesetzblatt 2018, Position 1000), im Folgenden als &#8222;DSGVO&#8220; bezeichnet. <\/p>\n<p><b>1. Der Eigent\u00fcmer und Betreiber der Website ist:<\/b><\/p>\n<p>SO-MARE SP. Z O.O.<br \/>\nWIERZBI\u0118CICE 44A \/ 40A 61-568 POZNA\u0143, NIP: 7831841208<\/p>\n<p>Gem\u00e4\u00df den Bestimmungen der DSGVO ist der Eigent\u00fcmer der Website auch der Verwalter personenbezogener Daten.<\/p>\n<p><b>2. Wie k\u00f6nnen Sie uns bez\u00fcglich der Verarbeitung personenbezogener Daten kontaktieren?<\/b><\/p>\n<p>Sie k\u00f6nnen uns per E-Mail unter biuro@so-mare.pl oder per Post an die Adresse WIERZBI\u0118CICE 44A \/ 40A, 61-568 POZNA\u0143 kontaktieren.<\/p>\n<p><b>3. Wir sammeln personenbezogene Daten ausschlie\u00dflich mit Zustimmung der Nutzer, die die Formulare auf der Website verwenden, sowie per E-Mail.<\/b><\/p>\n<p><b>4. Wir respektieren alle Rechte unserer Benutzer in Bezug auf ihre personenbezogenen Daten gem\u00e4\u00df der DSGVO, einschlie\u00dflich:<\/b><\/p>\n<ul>\n<li>das Recht auf Zugang zu den Daten (Artikel 15 DSGVO),<\/li>\n<li>das Recht auf Berichtigung der Daten (Artikel 16 DSGVO),<\/li>\n<li>das Recht auf L\u00f6schung der Daten (&#8222;Recht auf Vergessenwerden&#8220;) (Artikel 17 DSGVO),<\/li>\n<li>das Recht auf Einschr\u00e4nkung der Verarbeitung (Artikel 18 DSGVO),<\/li>\n<li>das Recht auf Daten\u00fcbertragbarkeit (Artikel 20 DSGVO),<\/li>\n<li>das Recht auf Widerspruch (Artikel 21 DSGVO).<\/li>\n<\/ul>\n<h5>II. SAMMLUNG VON SERVERLOGS <\/h5>\n<p><b>1. Gem\u00e4\u00df der g\u00e4ngigen Praxis der meisten Websites speichern wir HTTPS-Anfragen, die an unseren Server gesendet werden. Die aufgerufenen Ressourcen werden \u00fcber URL-Adressen identifiziert. Die genaue Liste der in den Protokolldateien des WWW-Servers gespeicherten Informationen lautet wie folgt:  <\/b><\/p>\n<ul>\n<li>Die \u00f6ffentliche IP-Adresse des Computers, von dem die Anfrage gesendet wurde.<\/li>\n<li>Der Name des Client-Rechners &#8211; die Identifizierung erfolgt durch das HTTPS-Protokoll.<\/li>\n<li>Der Benutzername, der im Authentifizierungsprozess angegeben wurde.<\/li>\n<li>Die Zeit, zu der die Anfrage eingegangen ist.<\/li>\n<li>Die erste Zeile des HTTPS-Anforderungsbefehls.<\/li>\n<li>Der HTTPS-Antwortcode.<\/li>\n<li>Die Anzahl der vom Server gesendeten Bytes.<\/li>\n<li>Die URL-Adresse der zuvor von einem Benutzer besuchten Website (Referrer-Link) &#8211; wenn der Zugriff auf die Website \u00fcber einen Verweis erfolgte (z. B. aus den Suchergebnissen einer Suchmaschine oder einer anderen Website).<\/li>\n<li>Informationen zum Browser des Benutzers.<\/li>\n<li>Informationen \u00fcber Fehler, die bei der Ausf\u00fchrung von HTTPS-Transaktionen aufgetreten sind.<\/li>\n<\/ul>\n<p>Diese Daten werden nicht mit bestimmten Personen, die unsere Website besuchen, in Verbindung gebracht und stellen keine Sammlung personenbezogener Daten im Sinne der DSGVO dar.<\/p>\n<p>2. <b>Verwendung der Daten:<\/b> Die gesammelten Protokolle werden unbegrenzt als Hilfsmaterial zur Verwaltung der Website aufbewahrt. Die darin enthaltenen Informationen werden au\u00dfer von den f\u00fcr die Serververwaltung autorisierten Personen nicht an Dritte weitergegeben. Auf der Grundlage von Protokolldateien k\u00f6nnen Statistiken generiert werden, die bei der Verwaltung helfen. Zusammenfassende Zusammenfassungen in Form solcher Statistiken enthalten keine identifizierenden Merkmale der Website-Besucher.   <\/p>\n<h5>III. COOKIES <\/h5>\n<p><b>1. Unter &#8222;Cookies&#8220; versteht man computergest\u00fctzte Daten, die in den Endger\u00e4ten der Benutzer gespeichert sind und zur Nutzung von Websites bestimmt sind. Dies sind insbesondere Textdateien, die den Namen der Website, von der sie stammen, die Dauer ihrer Speicherung auf dem Endger\u00e4t und eine eindeutige Nummer enthalten. <\/b><\/p>\n<p><b>2. Die Website sammelt keine Informationen automatisch, au\u00dfer den Informationen in den Cookies und den Serverprotokollen.<\/b><\/p>\n<p><b>3. Die Cookies sind f\u00fcr die Nutzung der Website vorgesehen. Der Betreiber verwendet diese Dateien, um: <\/b>:<\/p>\n<ul>\n<li>die M\u00f6glichkeit des Logins und die Aufrechterhaltung der Benutzersitzung auf jeder nachfolgenden Seite der Website,<\/li>\n<li>Anpassung des Inhalts der Website an die individuellen Vorlieben des Benutzers, insbesondere erkennen diese Dateien sein Ger\u00e4t, um die Website entsprechend seinen Pr\u00e4ferenzen anzuzeigen,<\/li>\n<li>zur Erstellung anonymer Statistiken, ohne die M\u00f6glichkeit der Identifizierung des Benutzers.<\/li>\n<\/ul>\n<p><b>4. Cookies, die von den Partnern des Betreibers der Website verwendet werden, einschlie\u00dflich der Benutzer der Website, unterliegen ihrer eigenen Datenschutzrichtlinie. Wir empfehlen, sich mit der Datenschutzrichtlinie unserer Partner vertraut zu machen. <\/b><\/p>\n<p><b>5. Die in Punkt 4 beschriebenen Partner sind unter anderem:<\/b><\/p>\n<ul>\n<li>Facebook (www.facebook.com)<\/li>\n<li>Google (www.google.com)<\/li>\n<li>Tawk.to (www.tawk.to)<\/li>\n<\/ul>\n<p><b>6. Um die Sicherheit der uns anvertrauten Daten zu gew\u00e4hrleisten, haben wir interne Verfahren und Empfehlungen entwickelt, um die Weitergabe von Daten an unbefugte Personen zu verhindern. Wir \u00fcberwachen deren Umsetzung und \u00fcberpr\u00fcfen st\u00e4ndig ihre Konformit\u00e4t mit den geltenden Gesetzen &#8211; dem Datenschutzgesetz, dem Gesetz \u00fcber die Erbringung von Dienstleistungen auf elektronischem Wege sowie allen Arten von Durchf\u00fchrungsverordnungen und gemeinschaftsrechtlichen Vorschriften. <\/b><\/p>\n<p><b>7. Die Standard-Software zum Durchsuchen von Websites erm\u00f6glicht standardm\u00e4\u00dfig das Platzieren von Cookies auf dem Endger\u00e4t des Benutzers. Diese Einstellungen k\u00f6nnen vom Benutzer so ge\u00e4ndert werden, dass die automatische Verarbeitung von Cookies in den Einstellungen des Internetbrowsers blockiert wird oder der Benutzer jedes Mal \u00fcber deren \u00dcbermittlung an das Endger\u00e4t informiert wird.  <\/b><\/p>\n<p><b>8. Benutzer des Dienstes k\u00f6nnen jederzeit die Einstellungen f\u00fcr Cookies \u00e4ndern. Detaillierte Informationen zu den M\u00f6glichkeiten und Methoden zur Verwaltung von Cookies finden Sie in den Einstellungen der Software (Webbrowser). <\/b><\/p>\n<p><b>9. Der Betreiber des Dienstes informiert, dass \u00c4nderungen der Einstellungen im Webbrowser des Nutzers das ordnungsgem\u00e4\u00dfe Funktionieren der Websites beeintr\u00e4chtigen k\u00f6nnen.<\/b>[\/et_pb_text][\/et_pb_column][\/et_pb_row][\/et_pb_section]<\/p>\n","protected":false},"excerpt":{"rendered":"<p>I. ALLGEMEINE INFORMATIONEN Wir respektieren Ihre Privatsph\u00e4re als Benutzer unserer Website. Wir m\u00f6chten, dass jeder, der diese Website besucht, vollst\u00e4ndig dar\u00fcber informiert ist, wie er seine Privatsph\u00e4re sch\u00fctzen kann. Daher laden wir Sie ein, unsere Datenschutzrichtlinie auf der Website https:\/\/so-mare.pl\/ zu lesen. Diese Datenschutzrichtlinie erf\u00fcllt die Informationspflichten gem\u00e4\u00df den Bestimmungen der Verordnung (EU) 2016\/679 des [&hellip;]<\/p>\n","protected":false},"author":2,"featured_media":0,"parent":0,"menu_order":0,"comment_status":"closed","ping_status":"closed","template":"","meta":{"_et_pb_use_builder":"on","_et_pb_old_content":"","_et_gb_content_width":"","footnotes":""},"class_list":["post-25558","page","type-page","status-publish","hentry"],"_links":{"self":[{"href":"https:\/\/so-mare.pl\/de\/wp-json\/wp\/v2\/pages\/25558","targetHints":{"allow":["GET"]}}],"collection":[{"href":"https:\/\/so-mare.pl\/de\/wp-json\/wp\/v2\/pages"}],"about":[{"href":"https:\/\/so-mare.pl\/de\/wp-json\/wp\/v2\/types\/page"}],"author":[{"embeddable":true,"href":"https:\/\/so-mare.pl\/de\/wp-json\/wp\/v2\/users\/2"}],"replies":[{"embeddable":true,"href":"https:\/\/so-mare.pl\/de\/wp-json\/wp\/v2\/comments?post=25558"}],"version-history":[{"count":2,"href":"https:\/\/so-mare.pl\/de\/wp-json\/wp\/v2\/pages\/25558\/revisions"}],"predecessor-version":[{"id":25560,"href":"https:\/\/so-mare.pl\/de\/wp-json\/wp\/v2\/pages\/25558\/revisions\/25560"}],"wp:attachment":[{"href":"https:\/\/so-mare.pl\/de\/wp-json\/wp\/v2\/media?parent=25558"}],"curies":[{"name":"wp","href":"https:\/\/api.w.org\/{rel}","templated":true}]}}