{"id":25556,"date":"2023-12-13T20:27:27","date_gmt":"2023-12-13T19:27:27","guid":{"rendered":"https:\/\/so-mare.pl\/arbeitssicherheit-und-gesundheitsschutz-bhp-services\/"},"modified":"2023-12-21T13:02:25","modified_gmt":"2023-12-21T12:02:25","slug":"arbeitssicherheit-und-gesundheitsschutz-bhp-services","status":"publish","type":"page","link":"https:\/\/so-mare.pl\/de\/arbeitssicherheit-und-gesundheitsschutz-bhp-services\/","title":{"rendered":"Arbeitssicherheit und Gesundheitsschutz (BHP) Services"},"content":{"rendered":"\n<h2 class=\"wp-block-heading\">Umfassende Arbeitssicherheits- und Gesundheitsschutzberatung<\/h2>\n\n<p>Wachsende Sensibilit\u00e4t f\u00fcr Arbeitssicherheit und Gesundheitsschutz (BHP) zeichnet SO-MARE als f\u00fchrenden Anbieter umfassender BHP-Beratung in Breslau aus. Unser Unternehmen ist auf die Bereitstellung von Fachkenntnissen und ma\u00dfgeschneiderten L\u00f6sungen f\u00fcr die individuellen Bed\u00fcrfnisse jedes Kunden spezialisiert. Wir analysieren bestehende Sicherheitsverfahren, identifizieren potenzielle Gefahren und beraten bei der Umsetzung effektiver pr\u00e4ventiver Strategien. Unser BHP-Experten-Team verf\u00fcgt \u00fcber umfangreiche Erfahrung in der Schaffung sicherer Arbeitsumgebungen sowohl im Produktions- als auch im Bildungssektor.   <\/p>\n\n<h2 class=\"wp-block-heading\">Sicherheitsschulungen (BHP-Schulungen)<\/h2>\n\n<p>Die Entwicklung und Sicherheit unserer Mitarbeiter haben f\u00fcr uns oberste Priorit\u00e4t. Bei SO-MARE bieten wir BHP-Schulungen an, die entscheidend sind, um ein hohes Ma\u00df an Bewusstsein und Wissen im Bereich Sicherheit aufrechtzuerhalten. Unsere Schulungen werden an die Besonderheiten der Branche und der Arbeitspl\u00e4tze angepasst, was eine effektive Bew\u00e4ltigung der beruflichen Risiken erm\u00f6glicht. Wir bieten sowohl anf\u00e4ngliche als auch regelm\u00e4\u00dfige Schulungen an, um sicherzustellen, dass die Mitarbeiter immer auf dem neuesten Stand der geltenden Vorschriften und besten Praktiken sind.   <\/p>\n\n<h2 class=\"wp-block-heading\">Instrukcje stanowiskowe dotycz\u0105ce BHP oraz pe\u0142nienie obowi\u0105zk\u00f3w s\u0142u\u017cby BHP<\/h2>\n\n<p>Die Erstellung und Umsetzung von BHP-Stellenanweisungen ist ein weiterer Eckpfeiler unserer T\u00e4tigkeit. Diese individualisierten Dokumente sind entscheidend, um sicherzustellen, dass jeder Mitarbeiter seine Aufgaben und Sicherheitsverfahren in Bezug auf seine spezifische Rolle versteht. Bei SO-MARE k\u00fcmmern wir uns darum, dass die Anweisungen klar, verst\u00e4ndlich und aktuell sind. Dar\u00fcber hinaus bieten wir Dienstleistungen zur Aus\u00fcbung der BHP-Pflichten an, die regelm\u00e4\u00dfige Inspektionen, Beratung und Unterst\u00fctzung im t\u00e4glichen Arbeitssicherheitspraxis umfassen.   <\/p>\n\n<h2 class=\"wp-block-heading\">\u00dcberwachung der Arbeitssicherheit auf Baustellen und Arbeitssicherheitsdienste f\u00fcr Produktionsunternehmen<\/h2>\n\n<p>Bauwesen und Produktion sind Sektoren, in denen das berufliche Risiko besonders hoch ist. Bei SO-MARE bieten wir professionelle Arbeitssicherheits\u00fcberwachung auf Baustellen, indem wir die Einhaltung der Vorschriften \u00fcberwachen und potenzielle Gefahren identifizieren. Dank unseres Wissens und unserer Erfahrung k\u00f6nnen wir erheblich zur Reduzierung von Unf\u00e4llen und St\u00f6rungen beitragen. Ebenso erfordert die Arbeitssicherheitsbetreuung von Produktionsunternehmen eine besondere Herangehensweise, die das Verst\u00e4ndnis der Branche und die individuellen Bed\u00fcrfnisse des Unternehmens miteinander verbindet.   <\/p>\n\n<h2 class=\"wp-block-heading\">Arbeitssicherheitsdienstleistungen f\u00fcr Bildungseinrichtungen und Bildungsst\u00e4tten sowie das Arbeitssicherheitsmanagementsystem<\/h2>\n\n<p>Bildungseinrichtungen erfordern eine spezielle Herangehensweise an Arbeitssicherheitsfragen. Bei SO-MARE bieten wir L\u00f6sungen, die auf die einzigartigen Bed\u00fcrfnisse dieser Umgebungen zugeschnitten sind. Wir unterst\u00fctzen sowohl Lehrer als auch Verwaltungspersonal und gew\u00e4hrleisten, dass alle sich ihrer Pflichten und der besten Sicherheitspraktiken bewusst sind. Dar\u00fcber hinaus erm\u00f6glicht unser Arbeitssicherheitsmanagementsystem eine effektive Verwaltung aller Aspekte der Sicherheit in Bildungseinrichtungen.   <\/p>\n\n<h2 class=\"wp-block-heading\">Unfallberichte und berufliche Risikobewertungsdokumentation<\/h2>\n\n<p>Im Falle eines ungl\u00fccklichen Unfalls ist eine pr\u00e4zise und umfassende Unfalldokumentation entscheidend. Bei SO-MARE bieten wir Unterst\u00fctzung bei der Erstellung solcher Dokumentation, um sicherzustellen, dass alle rechtlichen Anforderungen erf\u00fcllt sind. Unser Team kann auch bei der Durchf\u00fchrung einer gr\u00fcndlichen Bewertung beruflicher Risiken helfen, die erforderlich ist, um wirksame pr\u00e4ventive Ma\u00dfnahmen zu planen und umzusetzen sowie Risikominimierungsstrategien zu entwickeln.  <\/p>\n\n<p>Bei SO-MARE in Breslau sind wir stolz auf unsere Rolle als vertrauensw\u00fcrdiger Partner im Bereich Arbeitssicherheit und Gesundheitsschutz. Unsere Dienstleistungen sind immer auf die individuellen Bed\u00fcrfnisse unserer Kunden zugeschnitten und garantieren h\u00f6chste Sicherheitsstandards und gesetzliche Compliance. Wir laden Sie zur Zusammenarbeit ein.  <\/p>\n","protected":false},"excerpt":{"rendered":"<p>Umfassende Arbeitssicherheits- und Gesundheitsschutzberatung Wachsende Sensibilit\u00e4t f\u00fcr Arbeitssicherheit und Gesundheitsschutz (BHP) zeichnet SO-MARE als f\u00fchrenden Anbieter umfassender BHP-Beratung in Breslau aus. Unser Unternehmen ist auf die Bereitstellung von Fachkenntnissen und ma\u00dfgeschneiderten L\u00f6sungen f\u00fcr die individuellen Bed\u00fcrfnisse jedes Kunden spezialisiert. Wir analysieren bestehende Sicherheitsverfahren, identifizieren potenzielle Gefahren und beraten bei der Umsetzung effektiver pr\u00e4ventiver Strategien. Unser [&hellip;]<\/p>\n","protected":false},"author":2,"featured_media":0,"parent":0,"menu_order":0,"comment_status":"closed","ping_status":"closed","template":"","meta":{"_et_pb_use_builder":"off","_et_pb_old_content":"","_et_gb_content_width":"","footnotes":""},"class_list":["post-25556","page","type-page","status-publish","hentry"],"_links":{"self":[{"href":"https:\/\/so-mare.pl\/de\/wp-json\/wp\/v2\/pages\/25556","targetHints":{"allow":["GET"]}}],"collection":[{"href":"https:\/\/so-mare.pl\/de\/wp-json\/wp\/v2\/pages"}],"about":[{"href":"https:\/\/so-mare.pl\/de\/wp-json\/wp\/v2\/types\/page"}],"author":[{"embeddable":true,"href":"https:\/\/so-mare.pl\/de\/wp-json\/wp\/v2\/users\/2"}],"replies":[{"embeddable":true,"href":"https:\/\/so-mare.pl\/de\/wp-json\/wp\/v2\/comments?post=25556"}],"version-history":[{"count":1,"href":"https:\/\/so-mare.pl\/de\/wp-json\/wp\/v2\/pages\/25556\/revisions"}],"predecessor-version":[{"id":25557,"href":"https:\/\/so-mare.pl\/de\/wp-json\/wp\/v2\/pages\/25556\/revisions\/25557"}],"wp:attachment":[{"href":"https:\/\/so-mare.pl\/de\/wp-json\/wp\/v2\/media?parent=25556"}],"curies":[{"name":"wp","href":"https:\/\/api.w.org\/{rel}","templated":true}]}}