{"id":25554,"date":"2022-02-04T13:21:01","date_gmt":"2022-02-04T12:21:01","guid":{"rendered":"https:\/\/so-mare.pl\/die-buchfuehrung-fuer-stiftungen-und-vereine\/"},"modified":"2023-12-21T12:55:58","modified_gmt":"2023-12-21T11:55:58","slug":"die-buchfuehrung-fuer-stiftungen-und-vereine","status":"publish","type":"page","link":"https:\/\/so-mare.pl\/de\/die-buchfuehrung-fuer-stiftungen-und-vereine\/","title":{"rendered":"Die Buchf\u00fchrung f\u00fcr Stiftungen und Vereine"},"content":{"rendered":"\n<p>Die Buchf\u00fchrung f\u00fcr Stiftungen und Nichtregierungsorganisationen (NGOs) zeichnet sich durch spezifische Anforderungen im Bereich der Buchf\u00fchrungspflicht aus. Dienstleistungen dieser Art erfordern ein umfangreiches und aktuelles Wissen \u00fcber die Vorschriften, die den Betrieb von Stiftungen regeln. <\/p>\n\n<h2 class=\"wp-block-heading\" id=\"specyficzna-ksiegowosc-dla-fundacji\">Spezifische Buchf\u00fchrung f\u00fcr Stiftungen.<\/h2>\n\n<p>Nichtregierungsorganisationen sind verpflichtet, Buchf\u00fchrung zu f\u00fchren und Finanzberichte zu erstellen. Der Non-Profit-Sektor unterliegt vollst\u00e4ndig separaten Vorschriften, die die Buchf\u00fchrung, Steuern und Grunds\u00e4tze der finanziellen Berichterstattung betreffen.<\/p>\n\n<p>Die Besonderheiten der Buchf\u00fchrung von Stiftungen und Vereinen ergeben sich vor allem aus der vielschichtigen T\u00e4tigkeit dieser Organisationen. Die Durchf\u00fchrung von kostenpflichtigen oder unentgeltlichen Aktivit\u00e4ten, das Abschlie\u00dfen von Spendenvertr\u00e4gen oder die Durchf\u00fchrung von \u00f6ffentlichen Initiativen erfordern eine sorgf\u00e4ltige \u00dcberwachung und Dokumentation in angemessenen Unterlagen.  <\/p>\n\n<p>Im Falle von gemeinn\u00fctzigen Organisationen, insbesondere bei Spenden aus 1%, ist besonders auf die Mittel zu achten, die aus dieser Quelle stammen. Dies liegt haupts\u00e4chlich an den geltenden Vorschriften, die die Notwendigkeit der Separierung der Einnahmen und der ausgegebenen Mittel aus dieser Summe vorschreiben.<\/p>\n\n<h2 class=\"wp-block-heading\" id=\"uslugi-ksiegowe-dla-fundacji-i-stowarzyszen\">Buchhaltungsdienstleistungen f\u00fcr Stiftungen und Vereine.<\/h2>\n\n<p>Bei der F\u00fchrung einer Non-Profit-Organisation ist es wichtig, die Buchf\u00fchrung noch sorgf\u00e4ltiger durchzuf\u00fchren.&#8220; Daher bietet unser B\u00fcro einen umfassenden Buchf\u00fchrungsservice f\u00fcr NGOs:<\/p>\n\n<ul class=\"wp-block-list\"><li>ausf\u00fchrliche F\u00fchrung der entsprechenden Art der Aufzeichnungen (vollst\u00e4ndige Buchf\u00fchrung, vereinfachte Buchf\u00fchrung, vereinfachte Aufzeichnung von Einnahmen und Ausgaben);<\/li><li>Identifikation von Aufzeichnungs- und Berichtspflichten;<\/li><li>Abrechnung mit der Sozialversicherungsanstalt und dem Finanzamt (Erstellung von Erkl\u00e4rungen, \u00dcberwachung von Abgabefristen);<\/li><li>Erstellung von inhaltlichen Berichten;<\/li><li>Erstellung von Finanzberichten;<\/li><li>Lohnabrechnungsdienstleistungen;<\/li><li>Umfassende Unterst\u00fctzung bei Vorschriften und abgeschlossenen Vertr\u00e4gen.<\/li><\/ul>\n<p>Wir bieten Beratungsdienstleistungen f\u00fcr die F\u00fchrung von T\u00e4tigkeiten im Dritten Sektor (NGO) an. Unser Wissen und unsere Erfahrung beschr\u00e4nken sich nicht nur auf den Buchf\u00fchrungsprozess selbst, sondern wir garantieren auch Unterst\u00fctzung und Vertretung bei eventuellen beh\u00f6rdlichen Pr\u00fcfungen. Wir arbeiten mit erfahrenen Beratern und Anwaltskanzleien zusammen.  <\/p>\n\n<p>Wenn Sie der Eigent\u00fcmer oder Pr\u00e4sident einer gemeinn\u00fctzigen Stiftung oder eines Vereins sind, delegieren Sie die Buchf\u00fchrung an Fachleute. Die gesparte Zeit und Ruhe k\u00f6nnen Sie gerne Ihrer karitativen T\u00e4tigkeit widmen. Wir laden Sie zur Zusammenarbeit und zur Auswahl des bevorzugten Kontaktwegs ein.  <\/p>\n","protected":false},"excerpt":{"rendered":"<p>Die Buchf\u00fchrung f\u00fcr Stiftungen und Nichtregierungsorganisationen (NGOs) zeichnet sich durch spezifische Anforderungen im Bereich der Buchf\u00fchrungspflicht aus. Dienstleistungen dieser Art erfordern ein umfangreiches und aktuelles Wissen \u00fcber die Vorschriften, die den Betrieb von Stiftungen regeln. Spezifische Buchf\u00fchrung f\u00fcr Stiftungen. Nichtregierungsorganisationen sind verpflichtet, Buchf\u00fchrung zu f\u00fchren und Finanzberichte zu erstellen. Der Non-Profit-Sektor unterliegt vollst\u00e4ndig separaten Vorschriften, [&hellip;]<\/p>\n","protected":false},"author":2,"featured_media":0,"parent":0,"menu_order":0,"comment_status":"closed","ping_status":"closed","template":"","meta":{"_et_pb_use_builder":"off","_et_pb_old_content":"","_et_gb_content_width":"","footnotes":""},"class_list":["post-25554","page","type-page","status-publish","hentry"],"_links":{"self":[{"href":"https:\/\/so-mare.pl\/de\/wp-json\/wp\/v2\/pages\/25554","targetHints":{"allow":["GET"]}}],"collection":[{"href":"https:\/\/so-mare.pl\/de\/wp-json\/wp\/v2\/pages"}],"about":[{"href":"https:\/\/so-mare.pl\/de\/wp-json\/wp\/v2\/types\/page"}],"author":[{"embeddable":true,"href":"https:\/\/so-mare.pl\/de\/wp-json\/wp\/v2\/users\/2"}],"replies":[{"embeddable":true,"href":"https:\/\/so-mare.pl\/de\/wp-json\/wp\/v2\/comments?post=25554"}],"version-history":[{"count":1,"href":"https:\/\/so-mare.pl\/de\/wp-json\/wp\/v2\/pages\/25554\/revisions"}],"predecessor-version":[{"id":25555,"href":"https:\/\/so-mare.pl\/de\/wp-json\/wp\/v2\/pages\/25554\/revisions\/25555"}],"wp:attachment":[{"href":"https:\/\/so-mare.pl\/de\/wp-json\/wp\/v2\/media?parent=25554"}],"curies":[{"name":"wp","href":"https:\/\/api.w.org\/{rel}","templated":true}]}}