{"id":25552,"date":"2022-02-04T13:13:19","date_gmt":"2022-02-04T12:13:19","guid":{"rendered":"https:\/\/so-mare.pl\/die-buchfuehrung-fuer-gesellschaften\/"},"modified":"2023-12-21T12:38:05","modified_gmt":"2023-12-21T11:38:05","slug":"die-buchfuehrung-fuer-gesellschaften","status":"publish","type":"page","link":"https:\/\/so-mare.pl\/de\/die-buchfuehrung-fuer-gesellschaften\/","title":{"rendered":"Die Buchf\u00fchrung f\u00fcr Gesellschaften"},"content":{"rendered":"\n<h2 class=\"wp-block-heading\" id=\"ksiegowosc-dla-spolek-dlaczego-warto-skorzystac-z-oferty-naszego-biura-rachunkowego\">Die Buchf\u00fchrung f\u00fcr Gesellschaften \u2013 Warum es sich lohnt, unser Steuerb\u00fcro in Anspruch zu nehmen?<\/h2>\n\n<p>Unabh\u00e4ngig von der Branche, in der Ihr Gesch\u00e4ft t\u00e4tig ist, ist <strong>die F\u00fchrung der Buchf\u00fchrung<\/strong> (die sogenannte Vollbuchf\u00fchrung) gem\u00e4\u00df dem Buchf\u00fchrungsgesetz f\u00fcr bestimmte Unternehmen verpflichtend, darunter Gesellschaften mit beschr\u00e4nkter Haftung und Aktiengesellschaften. Diese Verpflichtung gilt auch f\u00fcr Personengesellschaften (Offene Handelsgesellschaften, Gesellschaften b\u00fcrgerlichen Rechts, Partnerschaftsgesellschaften usw.) und f\u00fcr Einzelpersonen, die ein Unternehmen betreiben und deren j\u00e4hrliche Einnahmen den Gegenwert von 2 Millionen Euro in polnischen Zloty \u00fcberschreiten. Diese Aufgabe ist weitaus anspruchsvoller und zeitaufwendiger als die vereinfachte Buchf\u00fchrung, daher ist es sinnvoll, die Hilfe von Fachleuten in Anspruch zu nehmen, wie sie unser Buchf\u00fchrungsb\u00fcro So-MARe bietet.   <\/p>\n\n<h2 class=\"wp-block-heading\" id=\"uslugowe-prowadzenie-pelnej-ksiegowosci-zakres-oferowanych-czynnosci\">Die Dienstleistung zur F\u00fchrung der vollst\u00e4ndigen Buchf\u00fchrung &#8211; Umfang der angebotenen T\u00e4tigkeiten<\/h2>\n\n<p>Unsere <strong>Buchhaltungsfirma<\/strong> bietet umfassende Unterst\u00fctzung f\u00fcr Unternehmen, die eine <strong>vollst\u00e4ndige Buchf\u00fchrung<\/strong> f\u00fchren. Im Rahmen unseres Angebots k\u00fcmmern wir uns haupts\u00e4chlich um folgende Aufgaben:<\/p>\n\n<ul class=\"wp-block-list\"><li>Die Buchf\u00fchrung f\u00fchren (Buchung von Rechnungen),<\/li><li>Unterst\u00fctzung bei der Entwicklung der Buchf\u00fchrungspolitik und des betrieblichen Kontenplans, um sicherzustellen, dass die gew\u00e4hlten L\u00f6sungen den Bed\u00fcrfnissen des jeweiligen Unternehmens entsprechen.<\/li><li>Vertretung des Kunden bei Kontakten mit staatlichen Beh\u00f6rden, einschlie\u00dflich beispielsweise w\u00e4hrend der regelm\u00e4\u00dfigen \u00dcberpr\u00fcfungen durch Mitarbeiter des Finanzamts und der Sozialversicherungsbeh\u00f6rde,<\/li><li>F\u00fchren des Anlagenverm\u00f6gens und der Ausr\u00fcstung, Berechnung der Abschreibungen,<\/li><li>Vorbereitung der Dokumente, die Bestandteil des Finanzberichts sind (Bilanz, Gewinn- und Verlustrechnung, Cashflow-Rechnung) gem\u00e4\u00df dem Buchf\u00fchrungsgesetz und den nationalen Rechnungslegungsstandards (KSR &#8211; Krajowe Standardy Rachunkowo\u015bci),<\/li><li>Durchf\u00fchrung von Abrechnungen f\u00fcr die Einkommensteuer (CIT) und die Mehrwertsteuer (VAT),<\/li><li>Erstellung von periodischen Steuererkl\u00e4rungen und Berichten f\u00fcr statistische Zwecke,<\/li><li>T\u00e4tigkeiten im Bereich des Management Accounting, Controlling und Budgetierung,<\/li><\/ul>\n<p>sowie viele weitere Aufgaben<\/p>\n\n<p>Da diese Aufgaben von erfahrenen Fachleuten mit langj\u00e4hriger Erfahrung durchgef\u00fchrt werden, muss der Unternehmer keine Angst haben, dass die <strong>Gesch\u00e4ftsb\u00fccher<\/strong> in einer gesetzeswidrigen Weise gef\u00fchrt werden. Die \u00dcbertragung der Buchf\u00fchrung an einen externen Spezialisten erm\u00f6glicht es, Zeit zu sparen. Dadurch kann sich der Unternehmer auf die Weiterentwicklung seines Gesch\u00e4fts konzentrieren.  <\/p>\n","protected":false},"excerpt":{"rendered":"<p>Die Buchf\u00fchrung f\u00fcr Gesellschaften \u2013 Warum es sich lohnt, unser Steuerb\u00fcro in Anspruch zu nehmen? Unabh\u00e4ngig von der Branche, in der Ihr Gesch\u00e4ft t\u00e4tig ist, ist die F\u00fchrung der Buchf\u00fchrung (die sogenannte Vollbuchf\u00fchrung) gem\u00e4\u00df dem Buchf\u00fchrungsgesetz f\u00fcr bestimmte Unternehmen verpflichtend, darunter Gesellschaften mit beschr\u00e4nkter Haftung und Aktiengesellschaften. Diese Verpflichtung gilt auch f\u00fcr Personengesellschaften (Offene Handelsgesellschaften, [&hellip;]<\/p>\n","protected":false},"author":2,"featured_media":0,"parent":0,"menu_order":0,"comment_status":"closed","ping_status":"closed","template":"","meta":{"_et_pb_use_builder":"off","_et_pb_old_content":"","_et_gb_content_width":"","footnotes":""},"class_list":["post-25552","page","type-page","status-publish","hentry"],"_links":{"self":[{"href":"https:\/\/so-mare.pl\/de\/wp-json\/wp\/v2\/pages\/25552","targetHints":{"allow":["GET"]}}],"collection":[{"href":"https:\/\/so-mare.pl\/de\/wp-json\/wp\/v2\/pages"}],"about":[{"href":"https:\/\/so-mare.pl\/de\/wp-json\/wp\/v2\/types\/page"}],"author":[{"embeddable":true,"href":"https:\/\/so-mare.pl\/de\/wp-json\/wp\/v2\/users\/2"}],"replies":[{"embeddable":true,"href":"https:\/\/so-mare.pl\/de\/wp-json\/wp\/v2\/comments?post=25552"}],"version-history":[{"count":1,"href":"https:\/\/so-mare.pl\/de\/wp-json\/wp\/v2\/pages\/25552\/revisions"}],"predecessor-version":[{"id":25553,"href":"https:\/\/so-mare.pl\/de\/wp-json\/wp\/v2\/pages\/25552\/revisions\/25553"}],"wp:attachment":[{"href":"https:\/\/so-mare.pl\/de\/wp-json\/wp\/v2\/media?parent=25552"}],"curies":[{"name":"wp","href":"https:\/\/api.w.org\/{rel}","templated":true}]}}