{"id":25550,"date":"2022-02-04T13:12:32","date_gmt":"2022-02-04T12:12:32","guid":{"rendered":"https:\/\/so-mare.pl\/die-buchhaltung-fuer-geschaeftstaetigkeit\/"},"modified":"2023-12-21T12:26:50","modified_gmt":"2023-12-21T11:26:50","slug":"die-buchhaltung-fuer-geschaeftstaetigkeit","status":"publish","type":"page","link":"https:\/\/so-mare.pl\/de\/die-buchhaltung-fuer-geschaeftstaetigkeit\/","title":{"rendered":"Die Buchhaltung f\u00fcr Gesch\u00e4ftst\u00e4tigkeit"},"content":{"rendered":"\n<p><strong>Bei der F\u00fchrung eines Gesch\u00e4ftsbetriebs m\u00fcssen viele verschiedene rechtliche Aspekte ber\u00fccksichtigt werden, um sicherzustellen, dass unser Unternehmen legal handelt. Die Herausforderung f\u00fcr alle Unternehmer sind die komplexen Steuervorschriften, und die Nichteinhaltung der geltenden Bestimmungen kann sehr teuer sein und viele Probleme verursachen. Daher ist es am sichersten, die Buchf\u00fchrung Ihres Unternehmens Fachleuten anzuvertrauen, die stets auf dem Laufenden \u00fcber die j\u00e4hrlichen Gesetzes\u00e4nderungen sind, von denen es wirklich viele gibt.  <\/strong><\/p>\n\n<h2 class=\"wp-block-heading\" id=\"czym-jest-ksiegowosc-uproszczona\">Was ist die vereinfachte Buchf\u00fchrung?<\/h2>\n\n<p>Bei Einzelunternehmen sowie bei Personengesellschaften (Gesellschaften b\u00fcrgerlichen Rechts und Offene Handelsgesellschaften), sofern ihr Nettoeinkommen weniger als 1.200.000 Euro betr\u00e4gt, basiert die Buchf\u00fchrung auf der Einnahmen-\u00dcberschuss-Rechnung. In diesem Fall m\u00fcssen alle erzielten Einnahmen und angefallenen Kosten in einem Einnahmen-\u00dcberschuss-Rechnungsbuch erfasst werden. Das zu versteuernde Einkommen in dieser Form sind die Einnahmen selbst. Eine weitere vereinfachte Besteuerungsm\u00f6glichkeit ist die Pauschalversteuerung. Bei der Pauschalversteuerung zahlt der Unternehmer Steuern auf seine Einnahmen, ohne die M\u00f6glichkeit, diese um Kosten zu mindern. Es gibt auch Einschr\u00e4nkungen bei der Anwendung dieser Besteuerungsform \u2013 ein Unternehmen kann zur Pauschalversteuerung wechseln, wenn seine Einnahmen im Vorjahr gleich oder weniger als 2.000.000 Euro betrugen. Die Pauschalsteuers\u00e4tze f\u00fcr Einnahmen-\u00dcberschuss-Rechnung sind unterschiedlich und h\u00e4ngen von der Branche ab. Freiberufler wie \u00c4rzte haben einen Steuersatz von 14%, w\u00e4hrend Dienstleistungsunternehmen oder Einnahmen aus Miete oder Pacht einen Satz von 8,5% haben.      <\/p>\n\n<h2 class=\"wp-block-heading\" id=\"jakie-swiadczymy-uslugi-w-zakresie-ksiegowosci-uproszonej\">Welche Dienstleistungen bieten wir im Bereich vereinfachte Buchf\u00fchrung an?<\/h2>\n\n<p>Der Name k\u00f6nnte darauf hinweisen, dass die F\u00fchrung der vereinfachten Buchf\u00fchrung nicht schwierig sein sollte. Es ist sicherlich nicht so kompliziert wie die vollst\u00e4ndige Buchf\u00fchrung, jedoch ist Genauigkeit und Sorgfalt unerl\u00e4sslich, um von einer gesetzeskonformen Buchf\u00fchrung sprechen zu k\u00f6nnen. Unser B\u00fcro bietet eine breite Palette von Dienstleistungen an, die eine umfassende Buchf\u00fchrung f\u00fcr Einzelunternehmen und Gesellschaften abdecken. Unsere Aktivit\u00e4ten umfassen die Vorbereitung und Einreichung der erforderlichen Steuererkl\u00e4rungen bei der entsprechenden Finanzbeh\u00f6rde. Auf Wunsch des Kunden k\u00f6nnen wir ihn vor der Finanzbeh\u00f6rde vertreten. Wir sind auch auf die Erstellung von Einkommensteuererkl\u00e4rungen f\u00fcr Privatpersonen spezialisiert.     <\/p>\n\n<p>Die Suche nach einem kompetenten Steuerberater, der bei der Auswahl der vorteilhaftesten Besteuerungsform hilft, ist einer der entscheidenden Faktoren daf\u00fcr, ob ein Unternehmen erfolgreich sein wird. Die Inanspruchnahme der Dienstleistungen unserer Firma gew\u00e4hrleistet eine korrekte Abrechnung gegen\u00fcber dem Finanzamt und erstklassige steuerliche Beratung <\/p>\n","protected":false},"excerpt":{"rendered":"<p>Bei der F\u00fchrung eines Gesch\u00e4ftsbetriebs m\u00fcssen viele verschiedene rechtliche Aspekte ber\u00fccksichtigt werden, um sicherzustellen, dass unser Unternehmen legal handelt. Die Herausforderung f\u00fcr alle Unternehmer sind die komplexen Steuervorschriften, und die Nichteinhaltung der geltenden Bestimmungen kann sehr teuer sein und viele Probleme verursachen. Daher ist es am sichersten, die Buchf\u00fchrung Ihres Unternehmens Fachleuten anzuvertrauen, die stets [&hellip;]<\/p>\n","protected":false},"author":2,"featured_media":0,"parent":0,"menu_order":0,"comment_status":"closed","ping_status":"closed","template":"","meta":{"_et_pb_use_builder":"off","_et_pb_old_content":"","_et_gb_content_width":"","footnotes":""},"class_list":["post-25550","page","type-page","status-publish","hentry"],"_links":{"self":[{"href":"https:\/\/so-mare.pl\/de\/wp-json\/wp\/v2\/pages\/25550","targetHints":{"allow":["GET"]}}],"collection":[{"href":"https:\/\/so-mare.pl\/de\/wp-json\/wp\/v2\/pages"}],"about":[{"href":"https:\/\/so-mare.pl\/de\/wp-json\/wp\/v2\/types\/page"}],"author":[{"embeddable":true,"href":"https:\/\/so-mare.pl\/de\/wp-json\/wp\/v2\/users\/2"}],"replies":[{"embeddable":true,"href":"https:\/\/so-mare.pl\/de\/wp-json\/wp\/v2\/comments?post=25550"}],"version-history":[{"count":1,"href":"https:\/\/so-mare.pl\/de\/wp-json\/wp\/v2\/pages\/25550\/revisions"}],"predecessor-version":[{"id":25551,"href":"https:\/\/so-mare.pl\/de\/wp-json\/wp\/v2\/pages\/25550\/revisions\/25551"}],"wp:attachment":[{"href":"https:\/\/so-mare.pl\/de\/wp-json\/wp\/v2\/media?parent=25550"}],"curies":[{"name":"wp","href":"https:\/\/api.w.org\/{rel}","templated":true}]}}