{"id":25542,"date":"2022-02-04T13:33:43","date_gmt":"2022-02-04T12:33:43","guid":{"rendered":"https:\/\/so-mare.pl\/rechtsberatung\/"},"modified":"2023-12-21T12:12:42","modified_gmt":"2023-12-21T11:12:42","slug":"rechtsberatung","status":"publish","type":"page","link":"https:\/\/so-mare.pl\/de\/rechtsberatung\/","title":{"rendered":"Rechtsberatung"},"content":{"rendered":"\n<p>Die hochwertige Buchf\u00fchrungsdienstleistung f\u00fcr Unternehmen zielt darauf ab, umfassende L\u00f6sungen zu bieten. Mit Blick auf eine korrekte und gesetzeskonforme Buchf\u00fchrungs- und Rechtsberatung bietet unser B\u00fcro professionelle Rechtsberatungsdienste an. F\u00fcr unsere Kunden haben wir Buchf\u00fchrungsdienstleistungen mit der M\u00f6glichkeit der rechtlichen Unterst\u00fctzung kombiniert. <\/p>\n\n<h2 class=\"wp-block-heading\" id=\"doradztwo-prawne-i-podatkowe-wroclaw\">Rechts- und Steuerberatung in Breslau<\/h2>\n\n<p>Unser Buchf\u00fchrungsb\u00fcro wurde gegr\u00fcndet, um die Finanzdienstleistungen f\u00fcr kleine, mittlere und gro\u00dfe Unternehmen, einschlie\u00dflich Handelsgesellschaften, zu erbringen. Unsere hochwertige Buchf\u00fchrungsdienstleistung beruht auf der Besch\u00e4ftigung erfahrener und qualifizierter Mitarbeiter mit unbestreitbaren Kompetenzen in der vollst\u00e4ndigen Buchf\u00fchrung sowie der Personal- und Lohnabrechnung in Unternehmen. Um unser Angebot abzurunden, haben wir eine Zusammenarbeit mit einem Rechtsanwalt eingegangen. Ein Spezialist mit umfangreicher Erfahrung und fundiertem Wissen im Bereich des Wirtschaftsrechts, Steuerrechts, Arbeitsrechts und vieler verwandter Themen steht unseren Stammkunden zur Verf\u00fcgung. Wir bieten Konsultationen mit dem Rechtsanwalt an, die in unserem B\u00fcro in Breslau, telefonisch oder per Audio- und Videokontakt durchgef\u00fchrt werden k\u00f6nnen. Moderne Technologien erleichtern die rechtliche Beratung f\u00fcr unsere Kunden, die auch aus der Ferne betreut werden. Unabh\u00e4ngig von Ihrem Unternehmensstandort k\u00f6nnen Sie unser Angebot nutzen.       <\/p>\n\n<h2 class=\"wp-block-heading\" id=\"profesjonalne-doradztwo-prawne-w-biurze-rachunkowym\">Professionelle Rechtsberatung im Buchf\u00fchrungsb\u00fcro<\/h2>\n\n<p>Die Rechtsberatung, die in Zusammenarbeit mit unserem Buchf\u00fchrungsb\u00fcro von einem Rechtsanwalt erbracht wird, ist eine vollst\u00e4ndig kompetente und bindende Beratung, die sich an die Unternehmer richtet, die mit uns zusammenarbeiten. Die rechtliche Beratung umfasst die Grunds\u00e4tze f\u00fcr die Gr\u00fcndung und Beendigung von Gesch\u00e4ftst\u00e4tigkeiten sowie Fragen im Zusammenhang mit Steuern, Vertr\u00e4gen, Urlauben und Arbeitsrechten. Ebenso wichtig sind rechtliche Ratschl\u00e4ge f\u00fcr die Funktionsweise von Handelsgesellschaften und die rechtliche Unterst\u00fctzung von Hauptversammlungen und Vorst\u00e4nden dieser Unternehmen. Wir bieten Unterst\u00fctzung bei der Vorbereitung und Erstellung von Antr\u00e4gen, Vertr\u00e4gen sowie Dokumentation im Zusammenhang mit der Datenschutz-Grundverordnung (DSGVO) an. Unser Rechtsberater ist ein Experte mit fundiertem Fachwissen, das er unseren Kunden auf verst\u00e4ndliche Weise vermittelt. Wir laden Sie ein, die Dienste unseres Fachmanns f\u00fcr rechtliche Angelegenheiten in F\u00e4llen von Unsicherheiten, Unklarheiten und rechtlichen Fragen in Anspruch zu nehmen.      <\/p>\n","protected":false},"excerpt":{"rendered":"<p>Die hochwertige Buchf\u00fchrungsdienstleistung f\u00fcr Unternehmen zielt darauf ab, umfassende L\u00f6sungen zu bieten. Mit Blick auf eine korrekte und gesetzeskonforme Buchf\u00fchrungs- und Rechtsberatung bietet unser B\u00fcro professionelle Rechtsberatungsdienste an. F\u00fcr unsere Kunden haben wir Buchf\u00fchrungsdienstleistungen mit der M\u00f6glichkeit der rechtlichen Unterst\u00fctzung kombiniert. Rechts- und Steuerberatung in Breslau Unser Buchf\u00fchrungsb\u00fcro wurde gegr\u00fcndet, um die Finanzdienstleistungen f\u00fcr kleine, [&hellip;]<\/p>\n","protected":false},"author":2,"featured_media":0,"parent":0,"menu_order":0,"comment_status":"closed","ping_status":"closed","template":"","meta":{"_et_pb_use_builder":"off","_et_pb_old_content":"","_et_gb_content_width":"","footnotes":""},"class_list":["post-25542","page","type-page","status-publish","hentry"],"_links":{"self":[{"href":"https:\/\/so-mare.pl\/de\/wp-json\/wp\/v2\/pages\/25542","targetHints":{"allow":["GET"]}}],"collection":[{"href":"https:\/\/so-mare.pl\/de\/wp-json\/wp\/v2\/pages"}],"about":[{"href":"https:\/\/so-mare.pl\/de\/wp-json\/wp\/v2\/types\/page"}],"author":[{"embeddable":true,"href":"https:\/\/so-mare.pl\/de\/wp-json\/wp\/v2\/users\/2"}],"replies":[{"embeddable":true,"href":"https:\/\/so-mare.pl\/de\/wp-json\/wp\/v2\/comments?post=25542"}],"version-history":[{"count":1,"href":"https:\/\/so-mare.pl\/de\/wp-json\/wp\/v2\/pages\/25542\/revisions"}],"predecessor-version":[{"id":25543,"href":"https:\/\/so-mare.pl\/de\/wp-json\/wp\/v2\/pages\/25542\/revisions\/25543"}],"wp:attachment":[{"href":"https:\/\/so-mare.pl\/de\/wp-json\/wp\/v2\/media?parent=25542"}],"curies":[{"name":"wp","href":"https:\/\/api.w.org\/{rel}","templated":true}]}}