{"id":25540,"date":"2022-02-04T12:30:10","date_gmt":"2022-02-04T11:30:10","guid":{"rendered":"https:\/\/so-mare.pl\/steuerberatung\/"},"modified":"2023-12-21T11:38:05","modified_gmt":"2023-12-21T10:38:05","slug":"steuerberatung","status":"publish","type":"page","link":"https:\/\/so-mare.pl\/de\/steuerberatung\/","title":{"rendered":"Steuerberatung"},"content":{"rendered":"\n<h2 class=\"wp-block-heading\" id=\"biuro-rachunkowe-so-mare-profesjonalne-uslugi-z-zakresu-doradztwa-podatkowego\">Steuerberatungsb\u00fcro So-MARe &#8211; professionelle Dienstleistungen im Bereich der Steuerberatung.<\/h2>\n\n<p>Die Buchhaltung ist ein \u00e4u\u00dferst wichtiger Bereich jeder Unternehmensf\u00fchrung, aber auch Steuern d\u00fcrfen nicht vergessen werden. Deshalb arbeitet das B\u00fcro mit einem lizenzierten Steuerberater zusammen, der professionelle Steuerdienstleistungen anbietet. <\/p>\n\n<p>Die Steuerkanzlei Artur Zi\u0119ba und unser B\u00fcro erbringen Dienstleistungen wie unter anderem:<\/p>\n\n<ul class=\"wp-block-list\"><li>Einmalige oder regelm\u00e4\u00dfige <strong>Steuerpr\u00fcfung<\/strong> &#8211; die Pr\u00fcfung besteht darin zu \u00fcberpr\u00fcfen, ob die vom Kundenunternehmen ergriffenen Ma\u00dfnahmen in \u00dcbereinstimmung mit geltenden Vorschriften durchgef\u00fchrt werden. Im Rahmen der Pr\u00fcfung erfolgt auch eine sogenannte steuerliche Risikobewertung. Die Beseitigung von Faktoren, die ein steuerliches Risiko darstellen, hilft m\u00f6gliche Probleme bei Pr\u00fcfungen durch die Steuerbeh\u00f6rden zu vermeiden. Das Ergebnis der Pr\u00fcfung ist ein Bericht, der die wichtigsten Hinweise und Empfehlungen zur Steuerpolitik im Unternehmen enth\u00e4lt     <\/li><li><strong>Laufende Steuerberatung<\/strong> &#8211; Durch diese Dienstleistung erh\u00e4lt der Kunde gegen eine festgelegte Geb\u00fchr kontinuierlichen Zugang zu fachlicher Unterst\u00fctzung durch einen Steuerexperten. Der Berater bietet dabei Beratungsgespr\u00e4che mit der f\u00fcr die Buchf\u00fchrung verantwortlichen Person an, unterst\u00fctzt jedoch auch beispielsweise bei der Vorbereitung von Antr\u00e4gen f\u00fcr die Erteilung einer steuerlichen Auslegung oder einer verbindlichen Auskunft zur Steuerfestlegung (WIS &#8211; Wi\u0105\u017c\u0105ca Informacja Stawkowa). Nat\u00fcrlich ist auch eine einmalige Inanspruchnahme der Beratungsdienstleistung m\u00f6glich.   <\/li><li><strong>Vertretung des Kunden in Verfahren vor Verwaltungsgerichten und Steuerbeh\u00f6rden<\/strong> &#8211; dadurch ist es m\u00f6glich, wertvolle Unterst\u00fctzung in Situationen wie Steuerpr\u00fcfungen, Steuerverfahren und Vollstreckungsverfahren zu erhalten.<\/li><\/ul>\n<h2 class=\"wp-block-heading\" id=\"doradztwo-podatkowe-dlaczego-warto-skorzystac\">Steuerberatung &#8211; Warum lohnt es sich, sie in Anspruch zu nehmen?<\/h2>\n\n<p>Die Inanspruchnahme von professionellen Dienstleistungen durch externe Steuerexperten ist eine L\u00f6sung, die sich gro\u00dfer Beliebtheit erfreut. Sie bietet Zugang zu erstklassigen Fachleuten und ist gleichzeitig wirtschaftlich sinnvoll. Anstatt einen festangestellten Mitarbeiter f\u00fcr steuerliche Angelegenheiten einzustellen, gen\u00fcgt es, sich bei auftretenden Problemen an unser B\u00fcro zu wenden.  <\/p>\n","protected":false},"excerpt":{"rendered":"<p>Steuerberatungsb\u00fcro So-MARe &#8211; professionelle Dienstleistungen im Bereich der Steuerberatung. Die Buchhaltung ist ein \u00e4u\u00dferst wichtiger Bereich jeder Unternehmensf\u00fchrung, aber auch Steuern d\u00fcrfen nicht vergessen werden. Deshalb arbeitet das B\u00fcro mit einem lizenzierten Steuerberater zusammen, der professionelle Steuerdienstleistungen anbietet. Die Steuerkanzlei Artur Zi\u0119ba und unser B\u00fcro erbringen Dienstleistungen wie unter anderem: Einmalige oder regelm\u00e4\u00dfige Steuerpr\u00fcfung &#8211; [&hellip;]<\/p>\n","protected":false},"author":2,"featured_media":0,"parent":0,"menu_order":0,"comment_status":"closed","ping_status":"closed","template":"","meta":{"_et_pb_use_builder":"off","_et_pb_old_content":"","_et_gb_content_width":"","footnotes":""},"class_list":["post-25540","page","type-page","status-publish","hentry"],"_links":{"self":[{"href":"https:\/\/so-mare.pl\/de\/wp-json\/wp\/v2\/pages\/25540","targetHints":{"allow":["GET"]}}],"collection":[{"href":"https:\/\/so-mare.pl\/de\/wp-json\/wp\/v2\/pages"}],"about":[{"href":"https:\/\/so-mare.pl\/de\/wp-json\/wp\/v2\/types\/page"}],"author":[{"embeddable":true,"href":"https:\/\/so-mare.pl\/de\/wp-json\/wp\/v2\/users\/2"}],"replies":[{"embeddable":true,"href":"https:\/\/so-mare.pl\/de\/wp-json\/wp\/v2\/comments?post=25540"}],"version-history":[{"count":1,"href":"https:\/\/so-mare.pl\/de\/wp-json\/wp\/v2\/pages\/25540\/revisions"}],"predecessor-version":[{"id":25541,"href":"https:\/\/so-mare.pl\/de\/wp-json\/wp\/v2\/pages\/25540\/revisions\/25541"}],"wp:attachment":[{"href":"https:\/\/so-mare.pl\/de\/wp-json\/wp\/v2\/media?parent=25540"}],"curies":[{"name":"wp","href":"https:\/\/api.w.org\/{rel}","templated":true}]}}